{"id":1658,"date":"2024-10-25T11:24:58","date_gmt":"2024-10-25T11:24:58","guid":{"rendered":"https:\/\/imprimanta.md\/?post_type=product&#038;p=1658"},"modified":"2025-06-27T10:57:09","modified_gmt":"2025-06-27T10:57:09","slug":"mfd-hp-laserjet-m140w","status":"publish","type":"product","link":"https:\/\/imprimanta.md\/ru\/product\/mfd-hp-laserjet-m140w\/","title":{"rendered":"MFD HP LaserJet M140w"},"content":{"rendered":"","protected":false},"excerpt":{"rendered":"<p>White, A4, Up to 18 cpm, 500 MHz, 64MB, 3 LEDs, 600dpi, up to 8000 pages\/monthly, PCLm\/PCLmS; URF; PWG, Hi-Speed USB 2.0, 802.11b\/g\/n (2.4 GHz) Wi-Fi radio + BLE, HP Smart App; Apple AirPrint\u2122; HP 150A (black), 975 pag. (W1500A HP 150A), Starter ~500 pages.<\/p>\n<p>Pentru a comanda , v\u0103 rug\u0103m s\u0103 ne contacta\u021bi la num\u0103rul de telefon:<br \/>\n<a href=\"tel:37379434546\"> +373 79 434 546<\/a>\u00a0 \u0438\u043b\u0438 \u043f\u043e <a href=\"viber:\/\/chat?number=%2B37379434546\">Viber<\/a>, <a href=\"https:\/\/wa.me\/37379434546\">WhatsApp<\/a>, <a href=\"https:\/\/t.me\/vitaminn87\">Telegram<\/a><\/p>\n<div class=\"forminator-ui forminator-custom-form forminator-custom-form-1471 forminator-design--default  forminator_ajax\" data-forminator-render=\"0\" data-form=\"forminator-module-1471\" data-uid=\"69d0c85fcd023\"><\/div>\n<form\n\t\t\t\tid=\"forminator-module-1471\"\n\t\t\t\tclass=\"forminator-ui forminator-custom-form forminator-custom-form-1471 forminator-design--default  forminator_ajax\"\n\t\t\t\tmethod=\"post\"\n\t\t\t\tdata-forminator-render=\"0\"\n\t\t\t\tdata-form-id=\"1471\"\n\t\t\t\t\n\t\t\t\tdata-design=\"default\"\n\t\t\t\t\n\t\t\t\t\n\t\t\t\t\n\t\t\t\tdata-grid=\"open\"\n\t\t\t\t\n\t\t\t\t\n\t\t\t\tstyle=\"display: none;\"\n\t\t\t\t\n\t\t\t\tdata-uid=\"69d0c85fcd023\"\n\t\t\t><\/p>\n<div role=\"alert\" aria-live=\"polite\" class=\"forminator-response-message forminator-error\" aria-hidden=\"true\"><\/div>\n<div class=\"forminator-row\">\n<div id=\"name-1\" class=\"forminator-field-name forminator-col forminator-col-12\">\n<div class=\"forminator-field\"><label for=\"forminator-field-name-1_69d0c85fcd023\" id=\"forminator-field-name-1_69d0c85fcd023-label\" class=\"forminator-label\">\u0418\u043c\u044f<\/label><input type=\"text\" name=\"name-1\" value=\"\" placeholder=\"\u0418\u043c\u044f\" id=\"forminator-field-name-1_69d0c85fcd023\" class=\"forminator-input forminator-name--field\" aria-required=\"false\" \/><\/div>\n<\/div>\n<\/div>\n<div class=\"forminator-row\">\n<div id=\"phone-1\" class=\"forminator-field-phone forminator-col forminator-col-12\">\n<div class=\"forminator-field\"><label for=\"forminator-field-phone-1_69d0c85fcd023\" id=\"forminator-field-phone-1_69d0c85fcd023-label\" class=\"forminator-label\">\u0422\u0435\u043b\u0435\u0444\u043e\u043d<\/label><input type=\"text\" name=\"phone-1\" value=\"\" placeholder=\"\u0422\u0435\u043b\u0435\u0444\u043e\u043d\" id=\"forminator-field-phone-1_69d0c85fcd023\" class=\"forminator-input forminator-field--phone\" data-required=\"\" aria-required=\"false\" autocomplete=\"off\" \/><\/div>\n<\/div>\n<\/div>\n<div class=\"forminator-row\">\n<div id=\"textarea-1\" class=\"forminator-field-textarea forminator-col forminator-col-12\">\n<div class=\"forminator-field\"><label for=\"forminator-field-textarea-1_69d0c85fcd023\" id=\"forminator-field-textarea-1_69d0c85fcd023-label\" class=\"forminator-label\">\u0414\u043e\u043f\u043e\u043b\u043d\u0438\u0442\u0435\u043b\u044c\u043d\u0430\u044f \u0438\u043d\u0444\u043e\u0440\u043c\u0430\u0446\u0438\u044f<\/label><textarea name=\"textarea-1\" placeholder=\"\u041d\u0430\u043f\u0438\u0448\u0438\u0442\u0435 \u0432 \u043d\u0435\u0441\u043a\u043e\u043b\u044c\u043a\u0438\u0445 \u0441\u043b\u043e\u0432\u0430\u0445, \u0447\u0442\u043e \u0432\u0430\u043c \u043d\u0443\u0436\u043d\u043e...\" id=\"forminator-field-textarea-1_69d0c85fcd023\" class=\"forminator-textarea\" rows=\"6\" style=\"min-height:140px;\" ><\/textarea><\/div>\n<\/div>\n<\/div>\n<p><input type=\"hidden\" name=\"referer_url\" value=\"\" \/><\/p>\n<div class=\"forminator-row forminator-row-last\">\n<div class=\"forminator-col\">\n<div class=\"forminator-field\"><button class=\"forminator-button forminator-button-submit\">\u041e\u0442\u043f\u0440\u0430\u0432\u0438\u0442\u044c<\/button><\/div>\n<\/div>\n<\/div>\n<p><input type=\"hidden\" id=\"forminator_nonce\" name=\"forminator_nonce\" value=\"6b6ca5ade8\" \/><input type=\"hidden\" name=\"_wp_http_referer\" value=\"\/ru\/wp-json\/wp\/v2\/product\/1658\" \/><input type=\"hidden\" name=\"form_id\" value=\"1471\"><input type=\"hidden\" name=\"page_id\" value=\"1658\"><input type=\"hidden\" name=\"form_type\" value=\"default\"><input type=\"hidden\" name=\"current_url\" value=\"https:\/\/imprimanta.md\/ru\/product\/mfd-hp-laserjet-m140w\/\"><input type=\"hidden\" name=\"render_id\" value=\"0\"><input type=\"hidden\" name=\"action\" value=\"forminator_submit_form_custom-forms\"><input type=\"hidden\" name=\"trp-form-language\" value=\"ru\"\/><\/form>","protected":false},"featured_media":1659,"comment_status":"open","ping_status":"closed","template":"","meta":[],"product_cat":[29],"product_tag":[],"class_list":{"0":"post-1658","1":"product","2":"type-product","3":"status-publish","4":"has-post-thumbnail","6":"product_cat-imprimante","8":"first","9":"instock","10":"shipping-taxable","11":"purchasable","12":"product-type-simple"},"_links":{"self":[{"href":"https:\/\/imprimanta.md\/ru\/wp-json\/wp\/v2\/product\/1658","targetHints":{"allow":["GET"]}}],"collection":[{"href":"https:\/\/imprimanta.md\/ru\/wp-json\/wp\/v2\/product"}],"about":[{"href":"https:\/\/imprimanta.md\/ru\/wp-json\/wp\/v2\/types\/product"}],"replies":[{"embeddable":true,"href":"https:\/\/imprimanta.md\/ru\/wp-json\/wp\/v2\/comments?post=1658"}],"wp:featuredmedia":[{"embeddable":true,"href":"https:\/\/imprimanta.md\/ru\/wp-json\/wp\/v2\/media\/1659"}],"wp:attachment":[{"href":"https:\/\/imprimanta.md\/ru\/wp-json\/wp\/v2\/media?parent=1658"}],"wp:term":[{"taxonomy":"product_cat","embeddable":true,"href":"https:\/\/imprimanta.md\/ru\/wp-json\/wp\/v2\/product_cat?post=1658"},{"taxonomy":"product_tag","embeddable":true,"href":"https:\/\/imprimanta.md\/ru\/wp-json\/wp\/v2\/product_tag?post=1658"}],"curies":[{"name":"wp","href":"https:\/\/api.w.org\/{rel}","templated":true}]}}