{"id":1654,"date":"2024-10-25T11:19:49","date_gmt":"2024-10-25T11:19:49","guid":{"rendered":"https:\/\/imprimanta.md\/?post_type=product&#038;p=1654"},"modified":"2024-11-07T16:20:26","modified_gmt":"2024-11-07T16:20:26","slug":"mfd-canon-i-sensys-mf463dw","status":"publish","type":"product","link":"https:\/\/imprimanta.md\/ru\/product\/mfd-canon-i-sensys-mf463dw\/","title":{"rendered":"MFD Canon i-Sensys MF463dw"},"content":{"rendered":"","protected":false},"excerpt":{"rendered":"<p>MFD, A4, 40ppm, DADF, USB, Ethernet, WiFi<br \/>\nAvailable Functions: Print, Copy and Scan<br \/>\nPrint Speed: Single sided : Up to 40 ppm (A4); Up to 65.4 ppm(A5-Landscape)<br \/>\nDouble sided : Up to 33.6 ipm (A4)<br \/>\nPrinting Method: Monochrome laser beam printing<br \/>\nPrint Resolution: Up to 1200 x 1200 dpi<br \/>\nWarm-up Time: Approx. 14 seconds or less from power on<br \/>\nFirst-Print-Out Time: Approx: 5.0 seconds or less<br \/>\nPrinter Languages: UFRII, PCL 5e, PCL6, Adobe\u00ae PostScript3<br \/>\nFonts: 45 PCL fonts, 136 PostScript fonts<br \/>\nPrint Margins: 5 mm-top, bottom, left and right, 10 mm-top, bottom, left and right (Envelope)<br \/>\nToner Saver Mode: Yes<br \/>\nAdvanced Printing Features: Encrypted Secure Print,Secure Print,Print from USB memory key (JPEG\/TIFF\/PDF),Print from Cloud (Dropbox, GoogleDrive, OneDrive) (PDF\/JPEG),<br \/>\nMicrosoft Universal Print,iOS: AirPrint, Canon PRINT Business app, Android; Mopria certified, Canon PRINT Business app, Canon Print Service Plug-in<\/p>\n<p>Copy Speed: Single sided (A4): Up to 40 ppm, Double sided (A4): Up to 33.6 ipm<br \/>\nFirst-Copy-Out Time: Approx. 6.1 seconds or less<br \/>\nCopy Resolution: Up to 600 x 600 dpi<br \/>\nCopy Modes: Text, Text\/Photo (Default), Text\/Photo (High Quality), Photo<br \/>\nDouble Sided Copying: 2-sided to 2-sided (Automatic)<br \/>\nMultiple Copies: Up to 999 copies<br \/>\nReduction \/ Enlargement: 25-400% in 1% increments<br \/>\nOther Features: Frame Erase, Collate, 2 on 1, 4 on 1, ID card copy<\/p>\n<p>Standard Type: Colour<br \/>\nScan Resolution: Optical: Up to 600 x 600 dpi, Enhanced: Up to 9600 x 9600 dpi<br \/>\nScan Speed: Single sided mono: 50ipm (300x300dpi)<br \/>\nSingle sided colour: 40ipm (300x300dpi)<br \/>\nDouble sided mono: 100ipm (300x300dpi)<br \/>\nDouble sided colour: 80ipm (300x300dpi)<br \/>\nSingle sided mono: 40ipm (300x600dpi)<br \/>\nSingle sided colour: 20ipm (300x600dpi)<br \/>\nDouble sided mono: 80ipm (300x600dpi)<br \/>\nDouble sided colour: 40ipm (300x600dpi)<br \/>\nColour Scanning Depth: 24 bit\/24 bit (input\/output)<br \/>\nGreyscales: 256 levels<br \/>\nCompatibility: TWAIN , WIA, ICA<br \/>\nMaximum Scan Width: 216mm<br \/>\nScan to E-mail, Scan to PC, Scan to USB Memory Key, Scan to FTP, Scan to Cloud, iFAX<\/p>\n<p>Scanner Type: Platen, 2-sided ADF (single pass)<br \/>\nPaper Input (Standard): 250-sheet cassette, 100-sheet multi-purpose tray, 50-sheet ADF<br \/>\nPaper Input (Option): 550-sheet cassette<br \/>\nMaximum Paper Input Capacity: 900 sheets<br \/>\nPaper Output: 150-sheet<br \/>\nMedia Types: Plain paper, Recycled paper, Heavy Paper, Thin paper, Label, Post card, Envelope<\/p>\n<p>Media Weights: Cassette (standard and optional): 60 to 120 g\/m\u00b2, Multi-purpose tray: 60 to 199 g\/m\u00b2<br \/>\nADF: 60 to 120 g\/m\u00b2<br \/>\nDouble Sided Printing: A4, Legal, Letter, OFFICIO, B-OFFICIO, M-OFFICIO, GLGL, Foolscap<br \/>\nCustom size &#8211; Min. 210 x 279.4 mm Max. 216.0 x 355.6 mm, 60 to 120 g\/m\u00b2<\/p>\n<p>Recommended Monthly Print Volume: 750 &#8211; 4,000 pages per month<br \/>\nDuty Cycle: Max. 80,000 pages per month<br \/>\nProcessor Speed: 1200MHz<br \/>\nMemory: 1GB<br \/>\nStorage: 4GB eMMC<br \/>\nControl Panel: 12.7 cm LCD Colour Touch Screen<\/p>\n<p>Interface: USB 2.0 Hi-Speed, 10BASE-T\/100BASE-TX\/1000Base-T, Wireless 802.11b\/g\/n, Wireless Direct Connection<\/p>\n<p>Cartridges: Cartridge 070 (3,000 pages)<br \/>\nCartridge 070H (10,200 pages)<br \/>\nPrinter ships with Cartridge 070 (3,000 pages)<\/p>\n<p>Pentru a comanda , v\u0103 rug\u0103m s\u0103 ne contacta\u021bi la num\u0103rul de telefon:<br \/>\n<a href=\"tel:37379434546\"> +373 79 434 546<\/a>\u00a0 \u0438\u043b\u0438 \u043f\u043e <a href=\"viber:\/\/chat?number=%2B37379434546\">Viber<\/a>, <a href=\"https:\/\/wa.me\/37379434546\">WhatsApp<\/a>, <a href=\"https:\/\/t.me\/vitaminn87\">Telegram<\/a><\/p>\n<div class=\"forminator-ui forminator-custom-form forminator-custom-form-1471 forminator-design--default  forminator_ajax\" data-forminator-render=\"0\" data-form=\"forminator-module-1471\" data-uid=\"69d61224121d2\"><\/div>\n<form\n\t\t\t\tid=\"forminator-module-1471\"\n\t\t\t\tclass=\"forminator-ui forminator-custom-form forminator-custom-form-1471 forminator-design--default  forminator_ajax\"\n\t\t\t\tmethod=\"post\"\n\t\t\t\tdata-forminator-render=\"0\"\n\t\t\t\tdata-form-id=\"1471\"\n\t\t\t\t\n\t\t\t\tdata-design=\"default\"\n\t\t\t\t\n\t\t\t\t\n\t\t\t\t\n\t\t\t\tdata-grid=\"open\"\n\t\t\t\t\n\t\t\t\t\n\t\t\t\tstyle=\"display: none;\"\n\t\t\t\t\n\t\t\t\tdata-uid=\"69d61224121d2\"\n\t\t\t><\/p>\n<div role=\"alert\" aria-live=\"polite\" class=\"forminator-response-message forminator-error\" aria-hidden=\"true\"><\/div>\n<div class=\"forminator-row\">\n<div id=\"name-1\" class=\"forminator-field-name forminator-col forminator-col-12\">\n<div class=\"forminator-field\"><label for=\"forminator-field-name-1_69d61224121d2\" id=\"forminator-field-name-1_69d61224121d2-label\" class=\"forminator-label\">\u0418\u043c\u044f<\/label><input type=\"text\" name=\"name-1\" value=\"\" placeholder=\"\u0418\u043c\u044f\" id=\"forminator-field-name-1_69d61224121d2\" class=\"forminator-input forminator-name--field\" aria-required=\"false\" \/><\/div>\n<\/div>\n<\/div>\n<div class=\"forminator-row\">\n<div id=\"phone-1\" class=\"forminator-field-phone forminator-col forminator-col-12\">\n<div class=\"forminator-field\"><label for=\"forminator-field-phone-1_69d61224121d2\" id=\"forminator-field-phone-1_69d61224121d2-label\" class=\"forminator-label\">\u0422\u0435\u043b\u0435\u0444\u043e\u043d<\/label><input type=\"text\" name=\"phone-1\" value=\"\" placeholder=\"\u0422\u0435\u043b\u0435\u0444\u043e\u043d\" id=\"forminator-field-phone-1_69d61224121d2\" class=\"forminator-input forminator-field--phone\" data-required=\"\" aria-required=\"false\" autocomplete=\"off\" \/><\/div>\n<\/div>\n<\/div>\n<div class=\"forminator-row\">\n<div id=\"textarea-1\" class=\"forminator-field-textarea forminator-col forminator-col-12\">\n<div class=\"forminator-field\"><label for=\"forminator-field-textarea-1_69d61224121d2\" id=\"forminator-field-textarea-1_69d61224121d2-label\" class=\"forminator-label\">\u0414\u043e\u043f\u043e\u043b\u043d\u0438\u0442\u0435\u043b\u044c\u043d\u0430\u044f \u0438\u043d\u0444\u043e\u0440\u043c\u0430\u0446\u0438\u044f<\/label><textarea name=\"textarea-1\" placeholder=\"\u041d\u0430\u043f\u0438\u0448\u0438\u0442\u0435 \u0432 \u043d\u0435\u0441\u043a\u043e\u043b\u044c\u043a\u0438\u0445 \u0441\u043b\u043e\u0432\u0430\u0445, \u0447\u0442\u043e \u0432\u0430\u043c \u043d\u0443\u0436\u043d\u043e...\" id=\"forminator-field-textarea-1_69d61224121d2\" class=\"forminator-textarea\" rows=\"6\" style=\"min-height:140px;\" ><\/textarea><\/div>\n<\/div>\n<\/div>\n<p><input type=\"hidden\" name=\"referer_url\" value=\"\" \/><\/p>\n<div class=\"forminator-row forminator-row-last\">\n<div class=\"forminator-col\">\n<div class=\"forminator-field\"><button class=\"forminator-button forminator-button-submit\">\u041e\u0442\u043f\u0440\u0430\u0432\u0438\u0442\u044c<\/button><\/div>\n<\/div>\n<\/div>\n<p><input type=\"hidden\" id=\"forminator_nonce\" name=\"forminator_nonce\" value=\"5d1775ae51\" \/><input type=\"hidden\" name=\"_wp_http_referer\" value=\"\/ru\/wp-json\/wp\/v2\/product\/1654\" \/><input type=\"hidden\" name=\"form_id\" value=\"1471\"><input type=\"hidden\" name=\"page_id\" value=\"1654\"><input type=\"hidden\" name=\"form_type\" value=\"default\"><input type=\"hidden\" name=\"current_url\" value=\"https:\/\/imprimanta.md\/ru\/product\/mfd-canon-i-sensys-mf463dw\/\"><input type=\"hidden\" name=\"render_id\" value=\"0\"><input type=\"hidden\" name=\"action\" value=\"forminator_submit_form_custom-forms\"><input type=\"hidden\" name=\"trp-form-language\" value=\"ru\"\/><\/form>","protected":false},"featured_media":1655,"comment_status":"open","ping_status":"closed","template":"","meta":[],"product_cat":[29],"product_tag":[],"class_list":{"0":"post-1654","1":"product","2":"type-product","3":"status-publish","4":"has-post-thumbnail","6":"product_cat-imprimante","8":"first","9":"instock","10":"shipping-taxable","11":"purchasable","12":"product-type-simple"},"_links":{"self":[{"href":"https:\/\/imprimanta.md\/ru\/wp-json\/wp\/v2\/product\/1654","targetHints":{"allow":["GET"]}}],"collection":[{"href":"https:\/\/imprimanta.md\/ru\/wp-json\/wp\/v2\/product"}],"about":[{"href":"https:\/\/imprimanta.md\/ru\/wp-json\/wp\/v2\/types\/product"}],"replies":[{"embeddable":true,"href":"https:\/\/imprimanta.md\/ru\/wp-json\/wp\/v2\/comments?post=1654"}],"wp:featuredmedia":[{"embeddable":true,"href":"https:\/\/imprimanta.md\/ru\/wp-json\/wp\/v2\/media\/1655"}],"wp:attachment":[{"href":"https:\/\/imprimanta.md\/ru\/wp-json\/wp\/v2\/media?parent=1654"}],"wp:term":[{"taxonomy":"product_cat","embeddable":true,"href":"https:\/\/imprimanta.md\/ru\/wp-json\/wp\/v2\/product_cat?post=1654"},{"taxonomy":"product_tag","embeddable":true,"href":"https:\/\/imprimanta.md\/ru\/wp-json\/wp\/v2\/product_tag?post=1654"}],"curies":[{"name":"wp","href":"https:\/\/api.w.org\/{rel}","templated":true}]}}