{"id":1650,"date":"2024-10-25T10:59:48","date_gmt":"2024-10-25T10:59:48","guid":{"rendered":"https:\/\/imprimanta.md\/?post_type=product&#038;p=1650"},"modified":"2025-02-20T13:29:46","modified_gmt":"2025-02-20T13:29:46","slug":"mfd-epson-ecotank-l3200","status":"publish","type":"product","link":"https:\/\/imprimanta.md\/ru\/product\/mfd-epson-ecotank-l3200\/","title":{"rendered":"MFD Epson EcoTank L3200"},"content":{"rendered":"","protected":false},"excerpt":{"rendered":"<table width=\"425\">\n<tbody>\n<tr>\n<td width=\"425\">MFD Epson EcoTank L3200<br \/>\nAll-in-One Functions: Print, Scan, Copy, A4<br \/>\nColour: Black<br \/>\nPrinting Method: Epson Micro Piezo\u2122 print head<br \/>\nNozzle Configuration: 180 Nozzles Black, 59 Nozzles per Color<br \/>\nMinimum Droplet Size: 3 pl, With Variable-Sized Droplet Technology<br \/>\nInk Technology: Dye Ink<br \/>\nPrinting Resolution: 5.760 x 1.440 DPI<br \/>\nCategory: Home, Home Office<br \/>\nNumber of colours: 4 colour<br \/>\nPrinting Speed ISO\/IEC 24734: 9,2 pages\/min Monochrome, 4,5 pages\/min Colour<br \/>\nPrinting Speed: 33 pages\/min Monochrome (plain paper 75 g\/m\u00b2),<br \/>\n15 pages\/min Colour (plain paper 75 g\/m\u00b2),<br \/>\n27 Seconds per 10 x 15 cm photo (Epson Premium Glossy Photo Paper)<br \/>\nColours: Black [Dye], Cyan [Dye], Yellow [Dye], Magenta [Dye]<br \/>\nEmulations: ESC\/P-RScanner type: Contact image sensor (CIS)<br \/>\nSingle-sided scan speed (A4 black): 200 DPI;\u00a0 11 sec. with flatbed scan<br \/>\nSingle-sided scan speed (A4 colour): 200 DPI; 32 sec. with flatbed scan<br \/>\nOptical Resolution: 600 DPI x 1.200 DPI (Horizontal x Vertical)<br \/>\nOutput formats: BMP, JPEG, PICT, TIFF, multi-TIFF, PDF, PNGNumber of paper trays: 1<br \/>\nPaper Formats: A4 (21.0&#215;29.7 cm), A6 (10.5&#215;14.8 cm), A5 (14.8&#215;21.0 cm), B5, 10 x 15 cm, 13 x 18 cm, 16:9, DL (Envelope), No. 10 (Envelope), C6 (Envelope), Letter, User defined, Legal<br \/>\nDuplex: Manual<br \/>\nOutput Tray Capacity: 30 Sheets<br \/>\nPaper Tray Capacity: 100 Sheets Standard<br \/>\nCompatible Paper Weight: 64 g\/m\u00b2 &#8211; 300 g\/m\u00b2<br \/>\nMedia Handling: Borderless Print (up to 10 x 15cm)<\/p>\n<p>Interfaces: USB<\/p>\n<p>Consumables:<br \/>\nC13T00S14A, 103 EcoTank Black ink bottle, 65 ml<br \/>\nC13T00S24A, 103 EcoTank Cyan ink bottle, 65 ml<br \/>\nC13T00S34A, 103 EcoTank Magenta ink bottle, 65 ml<br \/>\nC13T00S44A, 103 EcoTank Yellow ink bottle. 65 ml<\/p>\n<p>Energy Use: 12 Watt (standalone copying, ISO\/IEC 24712 pattern),<br \/>\n0,4 Watt (sleep mode), 4,0 Watt (Ready),<br \/>\n0,2 Watt (Power off), TEC 0,04 kWh\/week<\/p>\n<p>What&#8217;s in the box: 4 x 65ml individual ink bottles (Bk,C,Y,M) , Driver and utilities (CD), Main unit, Power cable, Setup guide, Warranty document<\/td>\n<\/tr>\n<\/tbody>\n<\/table>\n<p>Pentru a comanda , v\u0103 rug\u0103m s\u0103 ne contacta\u021bi la num\u0103rul de telefon:<br \/>\n<a href=\"tel:37379434546\"> +373 79 434 546<\/a>\u00a0 \u0438\u043b\u0438 \u043f\u043e <a href=\"viber:\/\/chat?number=%2B37379434546\">Viber<\/a>, <a href=\"https:\/\/wa.me\/37379434546\">WhatsApp<\/a>, <a href=\"https:\/\/t.me\/vitaminn87\">Telegram<\/a><\/p>\n<div class=\"forminator-ui forminator-custom-form forminator-custom-form-1471 forminator-design--default  forminator_ajax\" data-forminator-render=\"0\" data-form=\"forminator-module-1471\" data-uid=\"69d38f42a17a3\"><\/div>\n<form\n\t\t\t\tid=\"forminator-module-1471\"\n\t\t\t\tclass=\"forminator-ui forminator-custom-form forminator-custom-form-1471 forminator-design--default  forminator_ajax\"\n\t\t\t\tmethod=\"post\"\n\t\t\t\tdata-forminator-render=\"0\"\n\t\t\t\tdata-form-id=\"1471\"\n\t\t\t\t\n\t\t\t\tdata-design=\"default\"\n\t\t\t\t\n\t\t\t\t\n\t\t\t\t\n\t\t\t\tdata-grid=\"open\"\n\t\t\t\t\n\t\t\t\t\n\t\t\t\tstyle=\"display: none;\"\n\t\t\t\t\n\t\t\t\tdata-uid=\"69d38f42a17a3\"\n\t\t\t><\/p>\n<div role=\"alert\" aria-live=\"polite\" class=\"forminator-response-message forminator-error\" aria-hidden=\"true\"><\/div>\n<div class=\"forminator-row\">\n<div id=\"name-1\" class=\"forminator-field-name forminator-col forminator-col-12\">\n<div class=\"forminator-field\"><label for=\"forminator-field-name-1_69d38f42a17a3\" id=\"forminator-field-name-1_69d38f42a17a3-label\" class=\"forminator-label\">\u0418\u043c\u044f<\/label><input type=\"text\" name=\"name-1\" value=\"\" placeholder=\"\u0418\u043c\u044f\" id=\"forminator-field-name-1_69d38f42a17a3\" class=\"forminator-input forminator-name--field\" aria-required=\"false\" \/><\/div>\n<\/div>\n<\/div>\n<div class=\"forminator-row\">\n<div id=\"phone-1\" class=\"forminator-field-phone forminator-col forminator-col-12\">\n<div class=\"forminator-field\"><label for=\"forminator-field-phone-1_69d38f42a17a3\" id=\"forminator-field-phone-1_69d38f42a17a3-label\" class=\"forminator-label\">\u0422\u0435\u043b\u0435\u0444\u043e\u043d<\/label><input type=\"text\" name=\"phone-1\" value=\"\" placeholder=\"\u0422\u0435\u043b\u0435\u0444\u043e\u043d\" id=\"forminator-field-phone-1_69d38f42a17a3\" class=\"forminator-input forminator-field--phone\" data-required=\"\" aria-required=\"false\" autocomplete=\"off\" \/><\/div>\n<\/div>\n<\/div>\n<div class=\"forminator-row\">\n<div id=\"textarea-1\" class=\"forminator-field-textarea forminator-col forminator-col-12\">\n<div class=\"forminator-field\"><label for=\"forminator-field-textarea-1_69d38f42a17a3\" id=\"forminator-field-textarea-1_69d38f42a17a3-label\" class=\"forminator-label\">\u0414\u043e\u043f\u043e\u043b\u043d\u0438\u0442\u0435\u043b\u044c\u043d\u0430\u044f \u0438\u043d\u0444\u043e\u0440\u043c\u0430\u0446\u0438\u044f<\/label><textarea name=\"textarea-1\" placeholder=\"\u041d\u0430\u043f\u0438\u0448\u0438\u0442\u0435 \u0432 \u043d\u0435\u0441\u043a\u043e\u043b\u044c\u043a\u0438\u0445 \u0441\u043b\u043e\u0432\u0430\u0445, \u0447\u0442\u043e \u0432\u0430\u043c \u043d\u0443\u0436\u043d\u043e...\" id=\"forminator-field-textarea-1_69d38f42a17a3\" class=\"forminator-textarea\" rows=\"6\" style=\"min-height:140px;\" ><\/textarea><\/div>\n<\/div>\n<\/div>\n<p><input type=\"hidden\" name=\"referer_url\" value=\"\" \/><\/p>\n<div class=\"forminator-row forminator-row-last\">\n<div class=\"forminator-col\">\n<div class=\"forminator-field\"><button class=\"forminator-button forminator-button-submit\">\u041e\u0442\u043f\u0440\u0430\u0432\u0438\u0442\u044c<\/button><\/div>\n<\/div>\n<\/div>\n<p><input type=\"hidden\" id=\"forminator_nonce\" name=\"forminator_nonce\" value=\"8686258dac\" \/><input type=\"hidden\" name=\"_wp_http_referer\" value=\"\/ru\/wp-json\/wp\/v2\/product\/1650\" \/><input type=\"hidden\" name=\"form_id\" value=\"1471\"><input type=\"hidden\" name=\"page_id\" value=\"1650\"><input type=\"hidden\" name=\"form_type\" value=\"default\"><input type=\"hidden\" name=\"current_url\" value=\"https:\/\/imprimanta.md\/ru\/product\/mfd-epson-ecotank-l3200\/\"><input type=\"hidden\" name=\"render_id\" value=\"0\"><input type=\"hidden\" name=\"action\" value=\"forminator_submit_form_custom-forms\"><input type=\"hidden\" name=\"trp-form-language\" value=\"ru\"\/><\/form>","protected":false},"featured_media":1651,"comment_status":"open","ping_status":"closed","template":"","meta":[],"product_cat":[29],"product_tag":[],"class_list":{"0":"post-1650","1":"product","2":"type-product","3":"status-publish","4":"has-post-thumbnail","6":"product_cat-imprimante","8":"first","9":"instock","10":"shipping-taxable","11":"purchasable","12":"product-type-simple"},"_links":{"self":[{"href":"https:\/\/imprimanta.md\/ru\/wp-json\/wp\/v2\/product\/1650","targetHints":{"allow":["GET"]}}],"collection":[{"href":"https:\/\/imprimanta.md\/ru\/wp-json\/wp\/v2\/product"}],"about":[{"href":"https:\/\/imprimanta.md\/ru\/wp-json\/wp\/v2\/types\/product"}],"replies":[{"embeddable":true,"href":"https:\/\/imprimanta.md\/ru\/wp-json\/wp\/v2\/comments?post=1650"}],"wp:featuredmedia":[{"embeddable":true,"href":"https:\/\/imprimanta.md\/ru\/wp-json\/wp\/v2\/media\/1651"}],"wp:attachment":[{"href":"https:\/\/imprimanta.md\/ru\/wp-json\/wp\/v2\/media?parent=1650"}],"wp:term":[{"taxonomy":"product_cat","embeddable":true,"href":"https:\/\/imprimanta.md\/ru\/wp-json\/wp\/v2\/product_cat?post=1650"},{"taxonomy":"product_tag","embeddable":true,"href":"https:\/\/imprimanta.md\/ru\/wp-json\/wp\/v2\/product_tag?post=1650"}],"curies":[{"name":"wp","href":"https:\/\/api.w.org\/{rel}","templated":true}]}}