{"id":1646,"date":"2024-10-25T10:47:03","date_gmt":"2024-10-25T10:47:03","guid":{"rendered":"https:\/\/imprimanta.md\/?post_type=product&#038;p=1646"},"modified":"2025-02-20T13:34:04","modified_gmt":"2025-02-20T13:34:04","slug":"mfd-canon-pixma-g3410","status":"publish","type":"product","link":"https:\/\/imprimanta.md\/ru\/product\/mfd-canon-pixma-g3410\/","title":{"rendered":"MFD Canon Pixma G3410"},"content":{"rendered":"","protected":false},"excerpt":{"rendered":"<p>MFD A4, Wi-Fi, Print, Copy, Scan, Cloud Link<br \/>\nPrint Resolution: Up to 4800 x 1200 dpi<br \/>\nPrint Technology: 2 FINE Cartridges (Black and Colour), refillable ink tank printer<br \/>\nMono Print Speed: Approx. 8.8 ipm<br \/>\nColour Print Speed: Approx. 5.0 ipm<br \/>\nPhoto Print Speed: Borderless 10x15cm : Approx. 60 seconds<br \/>\nBorderless Printing: Yes (A4, Letter, 20x25cm, 13x18cm, 13x13cm, 10x15cm)<\/p>\n<p>Scanner Type: CIS flatbed photo and document scanner<br \/>\nScanner Resolution (Optical): 600 x 1200 dpi<br \/>\nA4 Scan Speed: Approx. approx. 19 sec<br \/>\nScanning Depth (Input \/ Output): Colour: 48 bit \/ 24 bit<br \/>\nGreyscale: 16 bit \/ 8 bit<br \/>\nMaximum Document Size: 216 x 297 mm<\/p>\n<p>Display Type &amp; Size: LCD (1.2 inch segment mono)<br \/>\nInterface Type &#8211; PC \/ Mac: Hi-Speed USB (B Port)<br \/>\nWi-Fi: IEEE802.11 b\/g\/n<br \/>\nWi-Fi Security: WPA-PSK, WPA2-PSK, WEP, Administration password<\/p>\n<p>Standard Ink Cartridges:<br \/>\nGI-490 PGBK, 6000 pages<br \/>\nGI-490 C , 7000 pages<br \/>\nGI-490 M, 7000 pages<br \/>\nGI-490 Y, 7000 pages<\/p>\n<p>Pentru a comanda, v\u0103 rug\u0103m s\u0103 ne contacta\u021bi la num\u0103rul de telefon:<br \/>\n<a href=\"tel:37379434546\"> +373 79 434 546<\/a>\u00a0 \u0438\u043b\u0438 \u043f\u043e <a href=\"viber:\/\/chat?number=%2B37379434546\">Viber<\/a>, <a href=\"https:\/\/wa.me\/37379434546\">WhatsApp<\/a>, <a href=\"https:\/\/t.me\/vitaminn87\">Telegram<\/a><\/p>\n<div class=\"forminator-ui forminator-custom-form forminator-custom-form-1471 forminator-design--default  forminator_ajax\" data-forminator-render=\"0\" data-form=\"forminator-module-1471\" data-uid=\"69d11ec1db542\"><\/div>\n<form\n\t\t\t\tid=\"forminator-module-1471\"\n\t\t\t\tclass=\"forminator-ui forminator-custom-form forminator-custom-form-1471 forminator-design--default  forminator_ajax\"\n\t\t\t\tmethod=\"post\"\n\t\t\t\tdata-forminator-render=\"0\"\n\t\t\t\tdata-form-id=\"1471\"\n\t\t\t\t\n\t\t\t\tdata-design=\"default\"\n\t\t\t\t\n\t\t\t\t\n\t\t\t\t\n\t\t\t\tdata-grid=\"open\"\n\t\t\t\t\n\t\t\t\t\n\t\t\t\tstyle=\"display: none;\"\n\t\t\t\t\n\t\t\t\tdata-uid=\"69d11ec1db542\"\n\t\t\t><\/p>\n<div role=\"alert\" aria-live=\"polite\" class=\"forminator-response-message forminator-error\" aria-hidden=\"true\"><\/div>\n<div class=\"forminator-row\">\n<div id=\"name-1\" class=\"forminator-field-name forminator-col forminator-col-12\">\n<div class=\"forminator-field\"><label for=\"forminator-field-name-1_69d11ec1db542\" id=\"forminator-field-name-1_69d11ec1db542-label\" class=\"forminator-label\">\u0418\u043c\u044f<\/label><input type=\"text\" name=\"name-1\" value=\"\" placeholder=\"\u0418\u043c\u044f\" id=\"forminator-field-name-1_69d11ec1db542\" class=\"forminator-input forminator-name--field\" aria-required=\"false\" \/><\/div>\n<\/div>\n<\/div>\n<div class=\"forminator-row\">\n<div id=\"phone-1\" class=\"forminator-field-phone forminator-col forminator-col-12\">\n<div class=\"forminator-field\"><label for=\"forminator-field-phone-1_69d11ec1db542\" id=\"forminator-field-phone-1_69d11ec1db542-label\" class=\"forminator-label\">\u0422\u0435\u043b\u0435\u0444\u043e\u043d<\/label><input type=\"text\" name=\"phone-1\" value=\"\" placeholder=\"\u0422\u0435\u043b\u0435\u0444\u043e\u043d\" id=\"forminator-field-phone-1_69d11ec1db542\" class=\"forminator-input forminator-field--phone\" data-required=\"\" aria-required=\"false\" autocomplete=\"off\" \/><\/div>\n<\/div>\n<\/div>\n<div class=\"forminator-row\">\n<div id=\"textarea-1\" class=\"forminator-field-textarea forminator-col forminator-col-12\">\n<div class=\"forminator-field\"><label for=\"forminator-field-textarea-1_69d11ec1db542\" id=\"forminator-field-textarea-1_69d11ec1db542-label\" class=\"forminator-label\">\u0414\u043e\u043f\u043e\u043b\u043d\u0438\u0442\u0435\u043b\u044c\u043d\u0430\u044f \u0438\u043d\u0444\u043e\u0440\u043c\u0430\u0446\u0438\u044f<\/label><textarea name=\"textarea-1\" placeholder=\"\u041d\u0430\u043f\u0438\u0448\u0438\u0442\u0435 \u0432 \u043d\u0435\u0441\u043a\u043e\u043b\u044c\u043a\u0438\u0445 \u0441\u043b\u043e\u0432\u0430\u0445, \u0447\u0442\u043e \u0432\u0430\u043c \u043d\u0443\u0436\u043d\u043e...\" id=\"forminator-field-textarea-1_69d11ec1db542\" class=\"forminator-textarea\" rows=\"6\" style=\"min-height:140px;\" ><\/textarea><\/div>\n<\/div>\n<\/div>\n<p><input type=\"hidden\" name=\"referer_url\" value=\"\" \/><\/p>\n<div class=\"forminator-row forminator-row-last\">\n<div class=\"forminator-col\">\n<div class=\"forminator-field\"><button class=\"forminator-button forminator-button-submit\">\u041e\u0442\u043f\u0440\u0430\u0432\u0438\u0442\u044c<\/button><\/div>\n<\/div>\n<\/div>\n<p><input type=\"hidden\" id=\"forminator_nonce\" name=\"forminator_nonce\" value=\"d276405ed7\" \/><input type=\"hidden\" name=\"_wp_http_referer\" value=\"\/ru\/wp-json\/wp\/v2\/product\/1646\" \/><input type=\"hidden\" name=\"form_id\" value=\"1471\"><input type=\"hidden\" name=\"page_id\" value=\"1646\"><input type=\"hidden\" name=\"form_type\" value=\"default\"><input type=\"hidden\" name=\"current_url\" value=\"https:\/\/imprimanta.md\/ru\/product\/mfd-canon-pixma-g3410\/\"><input type=\"hidden\" name=\"render_id\" value=\"0\"><input type=\"hidden\" name=\"action\" value=\"forminator_submit_form_custom-forms\"><input type=\"hidden\" name=\"trp-form-language\" value=\"ru\"\/><\/form>","protected":false},"featured_media":1647,"comment_status":"open","ping_status":"closed","template":"","meta":[],"product_cat":[29],"product_tag":[],"class_list":{"0":"post-1646","1":"product","2":"type-product","3":"status-publish","4":"has-post-thumbnail","6":"product_cat-imprimante","8":"first","9":"instock","10":"shipping-taxable","11":"purchasable","12":"product-type-simple"},"_links":{"self":[{"href":"https:\/\/imprimanta.md\/ru\/wp-json\/wp\/v2\/product\/1646","targetHints":{"allow":["GET"]}}],"collection":[{"href":"https:\/\/imprimanta.md\/ru\/wp-json\/wp\/v2\/product"}],"about":[{"href":"https:\/\/imprimanta.md\/ru\/wp-json\/wp\/v2\/types\/product"}],"replies":[{"embeddable":true,"href":"https:\/\/imprimanta.md\/ru\/wp-json\/wp\/v2\/comments?post=1646"}],"wp:featuredmedia":[{"embeddable":true,"href":"https:\/\/imprimanta.md\/ru\/wp-json\/wp\/v2\/media\/1647"}],"wp:attachment":[{"href":"https:\/\/imprimanta.md\/ru\/wp-json\/wp\/v2\/media?parent=1646"}],"wp:term":[{"taxonomy":"product_cat","embeddable":true,"href":"https:\/\/imprimanta.md\/ru\/wp-json\/wp\/v2\/product_cat?post=1646"},{"taxonomy":"product_tag","embeddable":true,"href":"https:\/\/imprimanta.md\/ru\/wp-json\/wp\/v2\/product_tag?post=1646"}],"curies":[{"name":"wp","href":"https:\/\/api.w.org\/{rel}","templated":true}]}}